{"id":1067,"date":"2020-01-21T13:39:48","date_gmt":"2020-01-21T12:39:48","guid":{"rendered":"https:\/\/www.vispronet.de\/blog\/?page_id=1067"},"modified":"2022-05-30T09:06:12","modified_gmt":"2022-05-30T07:06:12","slug":"impressum-vispronet","status":"publish","type":"page","link":"https:\/\/www.vispronet.de\/blog\/impressum-vispronet\/","title":{"rendered":"Impressum"},"content":{"rendered":"\n<p>Vispronet<sup>\u00ae<\/sup> ist eine Marke und Unternehmung der Sachsen Fahnen GmbH &amp; Co. KG.<\/p>\n\n\n\n<div style=\"height:35px\" aria-hidden=\"true\" class=\"wp-block-spacer\"><\/div>\n\n\n\n<p><strong>Betreiberin dieser Internetpr\u00e4senz und verantwortlich f\u00fcr deren Inhalt:<\/strong><br>Sachsen Fahnen GmbH &amp; Co. KG<br>Am Wiesengrund 2<br>01917 Kamenz<br>Deutschland<\/p>\n\n\n\n<div class=\"wp-block-columns is-layout-flex wp-container-core-columns-is-layout-9d6595d7 wp-block-columns-is-layout-flex\">\n<div class=\"wp-block-column is-layout-flow wp-block-column-is-layout-flow\">\n<p><strong>Komplement\u00e4rin:<\/strong><br>Sachsen Fahnen Verwaltungs GmbH<br><br><strong>Firma:<br><\/strong>Sachsen Fahnen GmbH &amp; Co.<br><br><strong>Gesch\u00e4ftsf\u00fchrer:<\/strong><br>J\u00fcrgen Ruhland, Marcel Ruhland<br><br><strong>Umsatzsteuer-IdNr:<\/strong><br>DE 165 816 052 <br><\/p>\n<\/div>\n\n\n\n<div class=\"wp-block-column is-layout-flow wp-block-column-is-layout-flow\">\n<p><strong>Handelsregister:<\/strong> <br>AG Dresden HRB 12291<br><br> <strong>Handelsregister:<\/strong><br>AG Dresden HRA 1963<\/p>\n<\/div>\n<\/div>\n\n\n\n<p><strong>Inhaltlich verantwortliche Personen:<\/strong> J\u00fcrgen Ruhland, Marcel Ruhland (Anschrift s. o.)\u00a0<\/p>\n\n\n\n<div style=\"height:35px\" aria-hidden=\"true\" class=\"wp-block-spacer\"><\/div>\n\n\n\n<p><strong>Service:<\/strong><br>Telefon: +49 3578 359-4040<br>Telefax: +49 3578 359-222 <\/p>\n\n\n\n<p>E-Mail: <a href=\"mailto:info@vispronet.de\">info@vispronet.de<\/a><br>Internet: <a href=\"https:\/\/www.vispronet.de\/\">https:\/\/www.vispronet.de\/<\/a><\/p>\n\n\n\n<p>Montag-Freitag: 9.00-16.00 Uhr<\/p>\n\n\n\n<div style=\"height:40px\" aria-hidden=\"true\" class=\"wp-block-spacer\"><\/div>\n\n\n\n<p><strong>Weitere\nHinweise:<\/strong> <\/p>\n\n\n\n<p>Wir werden\nversuchen, unsere Webseite aktuell zu halten. Sollten Sie dennoch einen Fehler\nentdecken, so freuen wir uns \u00fcber eine kurze Nachricht. Sofern diese Website\nauf die Internetseiten Dritter verweist (\u201everlinkt\u201c), \u00fcbernimmt die Sachsen\nFahnen GmbH &amp; Co. KG f\u00fcr diese Seiten Dritter keinerlei Haftung, weder f\u00fcr\nderen Inhalte noch f\u00fcr deren Verf\u00fcgbarkeit. F\u00fcr diese Webseiten Dritter sind\nausschlie\u00dflich deren Betreiber verantwortlich. Wir haben die Inhalte der Seiten\nDritter bei der Verkn\u00fcpfung gepr\u00fcft; zu diesem Zeitpunkt waren keine\nRechtsverst\u00f6\u00dfe ersichtlich. Wir haben aber keinen Einfluss auf die derzeitige\nund k\u00fcnftige Gestaltung der Webseiten Dritter und\/oder auf deren Inhalt. Durch\ndiese Verweisung auf die Seiten Dritter machen wir uns die dahinterliegenden\nInhalte der Seiten ausdr\u00fccklich nicht zu Eigen. Da uns eine st\u00e4ndige Kontrolle\ndieser Seiten Dritter ohne konkrete Hinweise auf dortige Rechtsverst\u00f6\u00dfe nicht\nzumutbar ist, bitten wir um einen Hinweis, sofern Verweisungen nicht mehr\naktuell sind oder sofern dort rechtswidrige Inhalte vorzufinden sind; wir\nwerden die Verkn\u00fcpfung dann sogleich entfernen. \u00dcberdies distanzieren wir uns\nausdr\u00fccklich von rechtswidrigen Inhalten.<\/p>\n\n\n\n<p>Texte,\nBilder und Gestaltungen der Website von Vispronet<sup>\u00ae<\/sup> sind\nurheberrechtlich gesch\u00fctzt. Mit Ausnahme der angebotenen Downloads, deren\nNutzung nur in Originalfassung erlaubt ist, ist die Verwendung der Texte,\nBilder und Gestaltungen nur mit ausdr\u00fccklicher schriftlicher Zustimmung der\nSachsen Fahnen GmbH &amp; Co. KG gestattet.<\/p>\n\n\n\n<p>Alternative\nStreitbeilegung gem\u00e4\u00df Art. 14 Abs. 1 ODR-VO und \u00a7 36 VSBG: Die Europ\u00e4ische\nKommission stellt eine Plattform zur Online-Streitbeilegung (OS) bereit, die\nSie unter <a href=\"https:\/\/ec.europa.eu\/consumers\/odr\/\">https:\/\/ec.europa.eu\/consumers\/odr\/<\/a> finden. Zur Teilnahme an einem\nStreitbeilegungsverfahren vor einer Verbraucherschlichtungsstelle sind wir\nnicht verpflichtet und nicht bereit.<\/p>\n","protected":false},"excerpt":{"rendered":"<p>Vispronet\u00ae ist eine Marke und Unternehmung der Sachsen Fahnen GmbH &amp; Co. KG. Betreiberin dieser Internetpr\u00e4senz und verantwortlich f\u00fcr deren Inhalt:Sachsen Fahnen GmbH &amp; Co. KGAm Wiesengrund 201917 KamenzDeutschland Komplement\u00e4rin:Sachsen Fahnen Verwaltungs GmbH Firma:Sachsen Fahnen GmbH &amp; Co. Gesch\u00e4ftsf\u00fchrer:J\u00fcrgen Ruhland, Marcel Ruhland Umsatzsteuer-IdNr:DE 165 816 052 Handelsregister: AG Dresden HRB 12291 Handelsregister:AG Dresden HRA 1963 [&hellip;]<\/p>\n","protected":false},"author":27,"featured_media":0,"parent":0,"menu_order":0,"comment_status":"closed","ping_status":"closed","template":"","meta":{"footnotes":""},"class_list":["post-1067","page","type-page","status-publish","hentry"],"_links":{"self":[{"href":"https:\/\/www.vispronet.de\/blog\/wp-json\/wp\/v2\/pages\/1067","targetHints":{"allow":["GET"]}}],"collection":[{"href":"https:\/\/www.vispronet.de\/blog\/wp-json\/wp\/v2\/pages"}],"about":[{"href":"https:\/\/www.vispronet.de\/blog\/wp-json\/wp\/v2\/types\/page"}],"author":[{"embeddable":true,"href":"https:\/\/www.vispronet.de\/blog\/wp-json\/wp\/v2\/users\/27"}],"replies":[{"embeddable":true,"href":"https:\/\/www.vispronet.de\/blog\/wp-json\/wp\/v2\/comments?post=1067"}],"version-history":[{"count":4,"href":"https:\/\/www.vispronet.de\/blog\/wp-json\/wp\/v2\/pages\/1067\/revisions"}],"predecessor-version":[{"id":18257,"href":"https:\/\/www.vispronet.de\/blog\/wp-json\/wp\/v2\/pages\/1067\/revisions\/18257"}],"wp:attachment":[{"href":"https:\/\/www.vispronet.de\/blog\/wp-json\/wp\/v2\/media?parent=1067"}],"curies":[{"name":"wp","href":"https:\/\/api.w.org\/{rel}","templated":true}]}}