{"id":2157,"date":"2020-02-03T11:02:08","date_gmt":"2020-02-03T10:02:08","guid":{"rendered":"https:\/\/www.vispronet.de\/blog\/?page_id=2157"},"modified":"2020-02-03T13:31:53","modified_gmt":"2020-02-03T12:31:53","slug":"rss-feed","status":"publish","type":"page","link":"https:\/\/www.vispronet.de\/blog\/rss-feed\/","title":{"rendered":"RSS-Feed"},"content":{"rendered":"\n<p><strong>Wir haben folgende RSS-Feed Angebot f\u00fcr dich: <\/strong><\/p>\n\n\n\n<div class=\"wp-block-media-text alignwide has-media-on-the-right is-vertically-aligned-center\"><figure class=\"wp-block-media-text__media\"><img loading=\"lazy\" decoding=\"async\" width=\"1000\" height=\"667\" src=\"https:\/\/www.vispronet.de\/blog\/wp-content\/uploads\/RSS-Feed.jpg\" alt=\"RSS Feed\" class=\"wp-image-2259\" srcset=\"https:\/\/www.vispronet.de\/blog\/wp-content\/uploads\/RSS-Feed.jpg 1000w, https:\/\/www.vispronet.de\/blog\/wp-content\/uploads\/RSS-Feed-768x512.jpg 768w, https:\/\/www.vispronet.de\/blog\/wp-content\/uploads\/RSS-Feed-300x200.jpg 300w, https:\/\/www.vispronet.de\/blog\/wp-content\/uploads\/RSS-Feed-440x293.jpg 440w\" sizes=\"auto, (max-width: 1000px) 100vw, 1000px\" \/><\/figure><div class=\"wp-block-media-text__content\">\n<ul class=\"rss wp-block-list\"><li><a href=\"https:\/\/www.vispronet.de\/blog\/feed\" target=\"_blank\" rel=\"noreferrer noopener\" aria-label=\" (\u00f6ffnet in neuem Tab)\">Alles von Vispronet<\/a><\/li><li><a href=\"https:\/\/www.vispronet.de\/blog\/category\/insight\/feed\" target=\"_blank\" rel=\"noreferrer noopener\" aria-label=\" (\u00f6ffnet in neuem Tab)\">Alles von Insight<\/a><\/li><li><a href=\"https:\/\/www.vispronet.de\/blog\/category\/how-to\/feed\" target=\"_blank\" rel=\"noreferrer noopener\" aria-label=\" (\u00f6ffnet in neuem Tab)\">Alles von How to<\/a><\/li><li><a href=\"https:\/\/www.vispronet.de\/blog\/category\/creative\/feed\" target=\"_blank\" rel=\"noreferrer noopener\" aria-label=\" (\u00f6ffnet in neuem Tab)\">Alles von Creative<\/a><\/li><li><a href=\"https:\/\/www.vispronet.de\/blog\/category\/explore\/feed\" target=\"_blank\" rel=\"noreferrer noopener\" aria-label=\" (\u00f6ffnet in neuem Tab)\">Alles von Explore<\/a><\/li><\/ul>\n<\/div><\/div>\n\n\n\n<h2 class=\"wp-block-heading\">Nutzungsrichtlinien<\/h2>\n\n\n\n<ul class=\"wp-block-list\"><li>Unser RSS-Feed-Abo ist ein Angebot f\u00fcr interessierte Leser, die unsere Beitr\u00e4ge gern \u00fcber Offline- oder Web-basierte Feedreader lesen m\u00f6chten.<\/li><li>M\u00f6chtest du \u00dcberschriften und Kurzbeschreibungen der Vispronet-Weblog-Eintr\u00e4ge auf einer anderen Webseite einbinden? Dies ist ohne weitere Erlaubnis m\u00f6glich unter der Bedingung, dass \u00dcberschriften Hyperlinks auf die Originalbeitr\u00e4ge enthalten und Vispronet-Blog als Urheber erkenntlich ist.<\/li><li>Komplette Beitr\u00e4ge aus dem Vispronet-Weblog d\u00fcrfen grunds\u00e4tzlich nicht auf anderen Webseiten integriert werden.<\/li><li>Ausgenommen davon sind Web-basierte Feedreader, die du nur f\u00fcr deinen privaten Webspace nutzt. Voraussetzung ist, die Adresse ist zugangsgesch\u00fctzt, nicht von Suchmaschinen indexierbar und darf nicht \u00f6ffentlich verlinkt sein.<\/li><li>Der Abruf des Feeds sollte in angemessenen Abst\u00e4nden erfolgen. Unsere Richtlinie ist einmalig pro Tag.<\/li><li>Die Ver\u00f6ffentlichung unserer Beitr\u00e4ge in anderen Medien ist m\u00f6glich, erfordert aber unser schriftliches Einverst\u00e4ndnis.<\/li><li>Wir behalten uns \u00c4nderungen der Richtlinien vor.<\/li><\/ul>\n","protected":false},"excerpt":{"rendered":"<p>Wir haben folgende RSS-Feed Angebot f\u00fcr dich: Alles von Vispronet Alles von Insight Alles von How to Alles von Creative Alles von Explore Nutzungsrichtlinien Unser RSS-Feed-Abo ist ein Angebot f\u00fcr interessierte Leser, die unsere Beitr\u00e4ge gern \u00fcber Offline- oder Web-basierte Feedreader lesen m\u00f6chten. M\u00f6chtest du \u00dcberschriften und Kurzbeschreibungen der Vispronet-Weblog-Eintr\u00e4ge auf einer anderen Webseite einbinden? [&hellip;]<\/p>\n","protected":false},"author":3,"featured_media":0,"parent":0,"menu_order":0,"comment_status":"closed","ping_status":"closed","template":"","meta":{"footnotes":""},"class_list":["post-2157","page","type-page","status-publish","hentry"],"_links":{"self":[{"href":"https:\/\/www.vispronet.de\/blog\/wp-json\/wp\/v2\/pages\/2157","targetHints":{"allow":["GET"]}}],"collection":[{"href":"https:\/\/www.vispronet.de\/blog\/wp-json\/wp\/v2\/pages"}],"about":[{"href":"https:\/\/www.vispronet.de\/blog\/wp-json\/wp\/v2\/types\/page"}],"author":[{"embeddable":true,"href":"https:\/\/www.vispronet.de\/blog\/wp-json\/wp\/v2\/users\/3"}],"replies":[{"embeddable":true,"href":"https:\/\/www.vispronet.de\/blog\/wp-json\/wp\/v2\/comments?post=2157"}],"version-history":[{"count":0,"href":"https:\/\/www.vispronet.de\/blog\/wp-json\/wp\/v2\/pages\/2157\/revisions"}],"wp:attachment":[{"href":"https:\/\/www.vispronet.de\/blog\/wp-json\/wp\/v2\/media?parent=2157"}],"curies":[{"name":"wp","href":"https:\/\/api.w.org\/{rel}","templated":true}]}}