{"id":24816,"date":"2024-08-01T15:18:51","date_gmt":"2024-08-01T13:18:51","guid":{"rendered":"https:\/\/www.vispronet.de\/blog\/?page_id=24816"},"modified":"2024-08-04T11:07:20","modified_gmt":"2024-08-04T09:07:20","slug":"excellent-shop-award","status":"publish","type":"page","link":"https:\/\/www.vispronet.de\/blog\/excellent-shop-award\/","title":{"rendered":"Wir wurden ausgezeichnet!"},"content":{"rendered":"\n<div class=\"wp-block-media-text is-stacked-on-mobile\" style=\"grid-template-columns:40% auto\"><figure class=\"wp-block-media-text__media\"><a href=\"https:\/\/business.trustedshops.de\/trusted-shops-award\"><img loading=\"lazy\" decoding=\"async\" width=\"1000\" height=\"750\" src=\"https:\/\/www.vispronet.de\/blog\/wp-content\/uploads\/trusted-shops-award.jpg\" alt=\"Excellent Shop Award 2024\" class=\"wp-image-24822 size-full\" srcset=\"https:\/\/www.vispronet.de\/blog\/wp-content\/uploads\/trusted-shops-award.jpg 1000w, https:\/\/www.vispronet.de\/blog\/wp-content\/uploads\/trusted-shops-award-768x576.jpg 768w, https:\/\/www.vispronet.de\/blog\/wp-content\/uploads\/trusted-shops-award-300x225.jpg 300w, https:\/\/www.vispronet.de\/blog\/wp-content\/uploads\/trusted-shops-award-440x330.jpg 440w\" sizes=\"auto, (max-width: 1000px) 100vw, 1000px\" \/><\/a><\/figure><div class=\"wp-block-media-text__content\">\n<p>Seit \u00fcber 10 Jahren tragen wir das G\u00fctesiegel von Trusted Shops und tun alles f\u00fcr die Zufriedenheit und die Sicherheit unserer Kundinnen und Kunden.<\/p>\n\n\n\n<div style=\"height:10px\" aria-hidden=\"true\" class=\"wp-block-spacer\"><\/div>\n\n\n\n<p>Daf\u00fcr wurden unsere Shops <a href=\"http:\/\/www.vispronet.de\" target=\"_blank\" rel=\"noreferrer noopener\">vispronet.de<\/a> und <a href=\"http:\/\/www.vispronet.at\" target=\"_blank\" rel=\"noreferrer noopener\">vispronet.at<\/a> nun mit dem <strong>Excellent Shop Award<\/strong> von Trusted Shops ausgezeichnet.<\/p>\n<\/div><\/div>\n\n\n\n<div class=\"wp-block-columns is-layout-flex wp-container-core-columns-is-layout-9d6595d7 wp-block-columns-is-layout-flex\">\n<div class=\"wp-block-column is-vertically-aligned-center is-layout-flow wp-block-column-is-layout-flow\" style=\"flex-basis:60%\">\n<h2 class=\"wp-block-heading\">Nur f\u00fcr die Besten<\/h2>\n\n\n\n<div style=\"height:10px\" aria-hidden=\"true\" class=\"wp-block-spacer\"><\/div>\n\n\n\n<p>Als Anerkennung f\u00fcr kundenfreundliche und vertrauensw\u00fcrdige Unternehmen wird diese besondere Auszeichnung an Online-Shops vergeben, die 5, 10, 15 oder 20 Jahre das G\u00fctesiegel von Trusted Shops besitzen.<\/p>\n<\/div>\n\n\n\n<div class=\"wp-block-column is-layout-flow wp-block-column-is-layout-flow\" style=\"flex-basis:40%\">\n<figure class=\"wp-block-image size-full no-border\"><a href=\"https:\/\/www.vispronet.de\/blog\/wp-content\/uploads\/trusted-shops-award-zertifikate.jpg\" data-rel=\"lightbox-image-0\" data-magnific_type=\"image\" data-rl_title=\"\" data-rl_caption=\"\"><img loading=\"lazy\" decoding=\"async\" width=\"1000\" height=\"750\" src=\"https:\/\/www.vispronet.de\/blog\/wp-content\/uploads\/trusted-shops-award-zertifikate.jpg\" alt=\"Excellent Shop Award Zertifikate\" class=\"wp-image-24886\" title=\"\" srcset=\"https:\/\/www.vispronet.de\/blog\/wp-content\/uploads\/trusted-shops-award-zertifikate.jpg 1000w, https:\/\/www.vispronet.de\/blog\/wp-content\/uploads\/trusted-shops-award-zertifikate-768x576.jpg 768w, https:\/\/www.vispronet.de\/blog\/wp-content\/uploads\/trusted-shops-award-zertifikate-300x225.jpg 300w, https:\/\/www.vispronet.de\/blog\/wp-content\/uploads\/trusted-shops-award-zertifikate-440x330.jpg 440w\" sizes=\"auto, (max-width: 1000px) 100vw, 1000px\" \/><\/a><\/figure>\n<\/div>\n<\/div>\n\n\n\n<div style=\"height:20px\" aria-hidden=\"true\" class=\"wp-block-spacer\"><\/div>\n\n\n\n<div class=\"wp-block-group is-border has-white-background-color has-background\"><div class=\"wp-block-group__inner-container is-layout-constrained wp-block-group-is-layout-constrained\">\n<h2 class=\"wp-block-heading\">Das Trusted Shops G\u00fctesiegel steht f\u00fcr:<\/h2>\n\n\n\n<div style=\"height:10px\" aria-hidden=\"true\" class=\"wp-block-spacer\"><\/div>\n\n\n<style>.wp-block-kadence-iconlist.kt-svg-icon-list-items24816_7f43d9-06:not(.this-stops-third-party-issues){margin-top:0px;margin-bottom:0px;}.wp-block-kadence-iconlist.kt-svg-icon-list-items24816_7f43d9-06 ul.kt-svg-icon-list:not(.this-prevents-issues):not(.this-stops-third-party-issues):not(.tijsloc){margin-top:0px;margin-right:0px;margin-bottom:var(--global-kb-spacing-sm, 1.5rem);margin-left:0px;padding-bottom:0px;}.wp-block-kadence-iconlist.kt-svg-icon-list-items24816_7f43d9-06 ul.kt-svg-icon-list{grid-row-gap:5px;}.wp-block-kadence-iconlist.kt-svg-icon-list-items24816_7f43d9-06 .kb-svg-icon-wrap{font-size:40px;color:rgb(252, 185, 0);}.wp-block-kadence-iconlist.kt-svg-icon-list-items24816_7f43d9-06 ul.kt-svg-icon-list .kt-svg-icon-list-item-wrap .kt-svg-icon-list-single{margin-right:10px;}.kt-svg-icon-list-items24816_7f43d9-06 ul.kt-svg-icon-list .kt-svg-icon-list-item-wrap, .kt-svg-icon-list-items24816_7f43d9-06 ul.kt-svg-icon-list .kt-svg-icon-list-item-wrap a{font-size:18px;line-height:2rem;}.kt-svg-icon-list-items24816_7f43d9-06 ul.kt-svg-icon-list .kt-svg-icon-list-level-0 .kt-svg-icon-list-single svg{font-size:20px;}<\/style>\n<div class=\"wp-block-kadence-iconlist kt-svg-icon-list-items kt-svg-icon-list-items24816_7f43d9-06 kt-svg-icon-list-columns-1 alignnone\"><ul class=\"kt-svg-icon-list\"><style>.kt-svg-icon-list-item-24816_299b4d-52 .kt-svg-icon-list-single{font-size:25px !important;color:rgb(252, 185, 0) !important;}.kt-svg-icon-list-item-24816_299b4d-52 .kt-svg-icon-list-text mark.kt-highlight{background-color:unset;font-style:normal;color:#f76a0c;-webkit-box-decoration-break:clone;box-decoration-break:clone;padding-top:0px;padding-right:0px;padding-bottom:0px;padding-left:0px;}<\/style>\n<li class=\"wp-block-kadence-listitem kt-svg-icon-list-item-wrap kt-svg-icon-list-item-24816_299b4d-52\"><span class=\"kb-svg-icon-wrap kb-svg-icon-ic_star kt-svg-icon-list-single\"><svg viewBox=\"0 0 8 8\"  fill=\"currentColor\" xmlns=\"http:\/\/www.w3.org\/2000\/svg\"  aria-hidden=\"true\"><path d=\"M4 0l-1 3h-3l2.5 2-1 3 2.5-2 2.5 2-1-3 2.5-2h-3l-1-3z\"\/><\/svg><\/span><span class=\"kt-svg-icon-list-text\"><strong>Starker Service<\/strong><br>Websites mit diesem Siegel stehen f\u00fcr ein sicheres und angenehmes Einkaufserlebnis.<\/span><\/li>\n<\/ul><\/div>\n\n\n\n<div style=\"height:10px\" aria-hidden=\"true\" class=\"wp-block-spacer\"><\/div>\n\n\n<style>.wp-block-kadence-iconlist.kt-svg-icon-list-items24816_6b435a-3c:not(.this-stops-third-party-issues){margin-top:0px;margin-bottom:0px;}.wp-block-kadence-iconlist.kt-svg-icon-list-items24816_6b435a-3c ul.kt-svg-icon-list:not(.this-prevents-issues):not(.this-stops-third-party-issues):not(.tijsloc){margin-top:0px;margin-right:0px;margin-bottom:var(--global-kb-spacing-sm, 1.5rem);margin-left:0px;padding-bottom:0px;}.wp-block-kadence-iconlist.kt-svg-icon-list-items24816_6b435a-3c ul.kt-svg-icon-list{grid-row-gap:5px;}.wp-block-kadence-iconlist.kt-svg-icon-list-items24816_6b435a-3c .kb-svg-icon-wrap{font-size:30px;color:rgb(252, 185, 0);}.wp-block-kadence-iconlist.kt-svg-icon-list-items24816_6b435a-3c ul.kt-svg-icon-list .kt-svg-icon-list-item-wrap .kt-svg-icon-list-single{margin-right:10px;}.kt-svg-icon-list-items24816_6b435a-3c ul.kt-svg-icon-list .kt-svg-icon-list-item-wrap, .kt-svg-icon-list-items24816_6b435a-3c ul.kt-svg-icon-list .kt-svg-icon-list-item-wrap a{font-size:18px;line-height:2rem;}.kt-svg-icon-list-items24816_6b435a-3c ul.kt-svg-icon-list .kt-svg-icon-list-level-0 .kt-svg-icon-list-single svg{font-size:20px;}<\/style>\n<div class=\"wp-block-kadence-iconlist kt-svg-icon-list-items kt-svg-icon-list-items24816_6b435a-3c kt-svg-icon-list-columns-1 alignnone\"><ul class=\"kt-svg-icon-list\"><style>.kt-svg-icon-list-item-24816_7bd333-81 .kt-svg-icon-list-single{font-size:25px !important;color:rgb(252, 185, 0) !important;}.kt-svg-icon-list-item-24816_7bd333-81 .kt-svg-icon-list-text mark.kt-highlight{background-color:unset;font-style:normal;color:#f76a0c;-webkit-box-decoration-break:clone;box-decoration-break:clone;padding-top:0px;padding-right:0px;padding-bottom:0px;padding-left:0px;}<\/style>\n<li class=\"wp-block-kadence-listitem kt-svg-icon-list-item-wrap kt-svg-icon-list-item-24816_7bd333-81\"><span class=\"kb-svg-icon-wrap kb-svg-icon-ic_star kt-svg-icon-list-single\"><svg viewBox=\"0 0 8 8\"  fill=\"currentColor\" xmlns=\"http:\/\/www.w3.org\/2000\/svg\"  aria-hidden=\"true\"><path d=\"M4 0l-1 3h-3l2.5 2-1 3 2.5-2 2.5 2-1-3 2.5-2h-3l-1-3z\"\/><\/svg><\/span><span class=\"kt-svg-icon-list-text\"><strong>Echte Verl\u00e4sslichkeit<\/strong><br>Diese Shops erhalten gute Bewertungen und erf\u00fcllen die Trusted Shops Qualit\u00e4tskriterien.<\/span><\/li>\n<\/ul><\/div>\n\n\n\n<div style=\"height:10px\" aria-hidden=\"true\" class=\"wp-block-spacer\"><\/div>\n\n\n<style>.wp-block-kadence-iconlist.kt-svg-icon-list-items24816_1e1050-65:not(.this-stops-third-party-issues){margin-top:0px;margin-bottom:0px;}.wp-block-kadence-iconlist.kt-svg-icon-list-items24816_1e1050-65 ul.kt-svg-icon-list:not(.this-prevents-issues):not(.this-stops-third-party-issues):not(.tijsloc){margin-top:0px;margin-right:0px;margin-bottom:var(--global-kb-spacing-sm, 1.5rem);margin-left:0px;padding-bottom:0px;}.wp-block-kadence-iconlist.kt-svg-icon-list-items24816_1e1050-65 ul.kt-svg-icon-list{grid-row-gap:5px;}.wp-block-kadence-iconlist.kt-svg-icon-list-items24816_1e1050-65 .kb-svg-icon-wrap{font-size:30px;color:rgb(252, 185, 0);}.wp-block-kadence-iconlist.kt-svg-icon-list-items24816_1e1050-65 ul.kt-svg-icon-list .kt-svg-icon-list-item-wrap .kt-svg-icon-list-single{margin-right:10px;}.kt-svg-icon-list-items24816_1e1050-65 ul.kt-svg-icon-list .kt-svg-icon-list-item-wrap, .kt-svg-icon-list-items24816_1e1050-65 ul.kt-svg-icon-list .kt-svg-icon-list-item-wrap a{font-size:18px;line-height:2rem;}.kt-svg-icon-list-items24816_1e1050-65 ul.kt-svg-icon-list .kt-svg-icon-list-level-0 .kt-svg-icon-list-single svg{font-size:20px;}<\/style>\n<div class=\"wp-block-kadence-iconlist kt-svg-icon-list-items kt-svg-icon-list-items24816_1e1050-65 kt-svg-icon-list-columns-1 alignnone\"><ul class=\"kt-svg-icon-list\"><style>.kt-svg-icon-list-item-24816_27e4e3-0f .kt-svg-icon-list-single{font-size:25px !important;color:rgb(252, 185, 0) !important;}.kt-svg-icon-list-item-24816_27e4e3-0f .kt-svg-icon-list-text mark.kt-highlight{background-color:unset;font-style:normal;color:#f76a0c;-webkit-box-decoration-break:clone;box-decoration-break:clone;padding-top:0px;padding-right:0px;padding-bottom:0px;padding-left:0px;}<\/style>\n<li class=\"wp-block-kadence-listitem kt-svg-icon-list-item-wrap kt-svg-icon-list-item-24816_27e4e3-0f\"><span class=\"kb-svg-icon-wrap kb-svg-icon-ic_star kt-svg-icon-list-single\"><svg viewBox=\"0 0 8 8\"  fill=\"currentColor\" xmlns=\"http:\/\/www.w3.org\/2000\/svg\"  aria-hidden=\"true\"><path d=\"M4 0l-1 3h-3l2.5 2-1 3 2.5-2 2.5 2-1-3 2.5-2h-3l-1-3z\"\/><\/svg><\/span><span class=\"kt-svg-icon-list-text\"><strong>Bew\u00e4hrte Sicherheit<\/strong><br>Online-Bestellungen sind durch den K\u00e4uferschutz von Trusted Shops abgesichert.*<\/span><\/li>\n<\/ul><\/div>\n<\/div><\/div>\n\n\n\n<div style=\"height:10px\" aria-hidden=\"true\" class=\"wp-block-spacer\"><\/div>\n\n\n\n<h2 class=\"wp-block-heading\">Was ist Trusted Shops?<\/h2>\n\n\n\n<p>Die Plattform Trusted Shops gilt als die <strong>Vertrauensmarke<\/strong> in Europa. Das G\u00fctesiegel f\u00fcr Online Shops erleichtert dir die Orientierung bei deinem digitalen Einkaufsbummel.<\/p>\n\n\n\n<p>Am Trusted Shops Siegel erkennst du m\u00fchelos sichere Websites mit gutem Service und profitierst von den zahlreichen Erfahrungen anderer User. Dank strenger Aufnahmekriterien \u00fcber Transaktions- und eindeutige Referenznummern sichert Trusted Shops die Echtheit der Bewertungen.<\/p>\n\n\n\n<div style=\"height:10px\" aria-hidden=\"true\" class=\"wp-block-spacer\"><\/div>\n\n\n\n<p class=\"has-text-align-center has-vispronet-blue-color has-text-color has-link-color wp-elements-5d7a5c1e967a783166c4d2545febc4ef\"><strong>So kannst du dir sicher sein, dass du nur Bewertungen von Menschen liest, die tats\u00e4chlich ein Produkt gekauft haben.<\/strong><\/p>\n\n\n\n<div style=\"height:10px\" aria-hidden=\"true\" class=\"wp-block-spacer\"><\/div>\n\n\n\n<p>Mehr als 30.000 Online Shops sind mit dem Trusted Shops G\u00fctesiegel zertifiziert und bieten damit einen kostenlosen K\u00e4uferschutz** f\u00fcr sorgenfreien Einkauf.<\/p>\n\n\n\n<hr class=\"wp-block-separator has-alpha-channel-opacity\"\/>\n\n\n\n<p style=\"font-size:11px\">*<a href=\"https:\/\/www.trustedshops.de\/kaeuferschutz\/\" target=\"_blank\" rel=\"noreferrer noopener\">Der Trusted Shops K\u00e4uferschutz<\/a><br>** bis 100 \u20ac pro Einkauf<\/p>\n","protected":false},"excerpt":{"rendered":"<p>Nur f\u00fcr die Besten Als Anerkennung f\u00fcr kundenfreundliche und vertrauensw\u00fcrdige Unternehmen wird diese besondere Auszeichnung an Online-Shops vergeben, die 5, 10, 15 oder 20 Jahre das G\u00fctesiegel von Trusted Shops besitzen. Das Trusted Shops G\u00fctesiegel steht f\u00fcr: Was ist Trusted Shops? Die Plattform Trusted Shops gilt als die Vertrauensmarke in Europa. Das G\u00fctesiegel f\u00fcr Online [&hellip;]<\/p>\n","protected":false},"author":27,"featured_media":0,"parent":0,"menu_order":0,"comment_status":"closed","ping_status":"closed","template":"","meta":{"footnotes":""},"class_list":["post-24816","page","type-page","status-publish","hentry"],"_links":{"self":[{"href":"https:\/\/www.vispronet.de\/blog\/wp-json\/wp\/v2\/pages\/24816","targetHints":{"allow":["GET"]}}],"collection":[{"href":"https:\/\/www.vispronet.de\/blog\/wp-json\/wp\/v2\/pages"}],"about":[{"href":"https:\/\/www.vispronet.de\/blog\/wp-json\/wp\/v2\/types\/page"}],"author":[{"embeddable":true,"href":"https:\/\/www.vispronet.de\/blog\/wp-json\/wp\/v2\/users\/27"}],"replies":[{"embeddable":true,"href":"https:\/\/www.vispronet.de\/blog\/wp-json\/wp\/v2\/comments?post=24816"}],"version-history":[{"count":37,"href":"https:\/\/www.vispronet.de\/blog\/wp-json\/wp\/v2\/pages\/24816\/revisions"}],"predecessor-version":[{"id":24902,"href":"https:\/\/www.vispronet.de\/blog\/wp-json\/wp\/v2\/pages\/24816\/revisions\/24902"}],"wp:attachment":[{"href":"https:\/\/www.vispronet.de\/blog\/wp-json\/wp\/v2\/media?parent=24816"}],"curies":[{"name":"wp","href":"https:\/\/api.w.org\/{rel}","templated":true}]}}