{"id":461,"date":"2019-11-28T09:24:19","date_gmt":"2019-11-28T08:24:19","guid":{"rendered":"https:\/\/www.vispronet.de\/blog\/?page_id=461"},"modified":"2020-02-04T11:16:18","modified_gmt":"2020-02-04T10:16:18","slug":"netiquette","status":"publish","type":"page","link":"https:\/\/www.vispronet.de\/blog\/netiquette\/","title":{"rendered":"Netiquette"},"content":{"rendered":"\n<p>Lieber Blog-Besucher,<\/p>\n\n\n\n<p>du hast uns gefunden im WorldWideWeb. Das freut uns sehr. Aber was erwartet dich hier?<\/p>\n\n\n\n<p>Auf dieser Plattform m\u00f6chten wir \u00fcber Grafik und Design diskutieren, Tricks und Kniffe weiter geben. Es wird Einblicke in unseren Produktionsalltag geben und Kollegen werden zu Wort kommen. Wir laden dich ein, Deine Meinung zu sagen oder Vorschl\u00e4ge zu den Beitr\u00e4gen zu bringen.<\/p>\n\n\n\n<p>Vor allem wollen wir einen respektvollen und fairen Dialog mit dir f\u00fchren. Aus diesem Grund haben wir die Netiquette erstellt. Sie regelt das Verhalten im Internet, Chats und Computernetzwerken.<\/p>\n\n\n\n<p>Wir bitten dich, behandle andere Nutzer, wie du selbst behandelt werden m\u00f6chtest.<\/p>\n\n\n\n<p>Dein Kommentar <strong>sollte<\/strong>:<\/p>\n\n\n\n<ul class=\"wp-block-list\"><li>sachlich und freundlich sein.<\/li><li>m\u00f6glichst in deutscher Sprache verfasst sein.<\/li><li>sich auf den Beitrag oder direkte Kommentare dazu beziehen.<\/li><li>von dir selbst verfasst sein.<\/li><\/ul>\n\n\n\n<p>Dein Kommentar <strong>sollte keine<\/strong>:<\/p>\n\n\n\n<ul class=\"wp-block-list\"><li>Gewalt verherrlichen.<\/li><li>Beleidigungen oder Diskriminierungen beinhalten.<\/li><li>rassistischen, sexistischen, kriminellen, politischen oder religi\u00f6se \u00c4u\u00dferungen enthalten.<\/li><li>Werbung oder Spam beinhalten.<\/li><li>Gesetze oder die Privatsph\u00e4re (sensible Daten, Telefonnummern usw.) missachten.<\/li><\/ul>\n\n\n\n<p><\/p>\n\n\n\n<p>Die Redaktion beh\u00e4lt sich das Recht vor, diese Beitr\u00e4ge nicht zu ver\u00f6ffentlichen bzw. zu l\u00f6schen.<\/p>\n\n\n\n<p>Wir freuen uns auf einen regen Austausch mit dir!<\/p>\n","protected":false},"excerpt":{"rendered":"<p>Lieber Blog-Besucher, du hast uns gefunden im WorldWideWeb. Das freut uns sehr. Aber was erwartet dich hier? Auf dieser Plattform m\u00f6chten wir \u00fcber Grafik und Design diskutieren, Tricks und Kniffe weiter geben. Es wird Einblicke in unseren Produktionsalltag geben und Kollegen werden zu Wort kommen. Wir laden dich ein, Deine Meinung zu sagen oder Vorschl\u00e4ge [&hellip;]<\/p>\n","protected":false},"author":1,"featured_media":0,"parent":0,"menu_order":1,"comment_status":"closed","ping_status":"closed","template":"","meta":{"footnotes":""},"class_list":["post-461","page","type-page","status-publish","hentry"],"_links":{"self":[{"href":"https:\/\/www.vispronet.de\/blog\/wp-json\/wp\/v2\/pages\/461","targetHints":{"allow":["GET"]}}],"collection":[{"href":"https:\/\/www.vispronet.de\/blog\/wp-json\/wp\/v2\/pages"}],"about":[{"href":"https:\/\/www.vispronet.de\/blog\/wp-json\/wp\/v2\/types\/page"}],"author":[{"embeddable":true,"href":"https:\/\/www.vispronet.de\/blog\/wp-json\/wp\/v2\/users\/1"}],"replies":[{"embeddable":true,"href":"https:\/\/www.vispronet.de\/blog\/wp-json\/wp\/v2\/comments?post=461"}],"version-history":[{"count":0,"href":"https:\/\/www.vispronet.de\/blog\/wp-json\/wp\/v2\/pages\/461\/revisions"}],"wp:attachment":[{"href":"https:\/\/www.vispronet.de\/blog\/wp-json\/wp\/v2\/media?parent=461"}],"curies":[{"name":"wp","href":"https:\/\/api.w.org\/{rel}","templated":true}]}}